{"id":3135,"date":"2025-02-17T11:17:28","date_gmt":"2025-02-17T11:17:28","guid":{"rendered":"https:\/\/sahinglobal.net\/?page_id=3135"},"modified":"2025-03-03T10:34:04","modified_gmt":"2025-03-03T10:34:04","slug":"teklif-al","status":"publish","type":"page","link":"https:\/\/sahinglobal.net\/en\/teklif-al\/","title":{"rendered":"Get a Quote"},"content":{"rendered":"<div data-elementor-type=\"wp-post\" data-elementor-id=\"3135\" class=\"elementor elementor-3135\">\n\t\t\t\t\t\t<section class=\"sm_pointer elementor-section elementor-top-section elementor-element elementor-element-d55d2b2 elementor-section-boxed elementor-section-height-default elementor-section-height-default\" data-id=\"d55d2b2\" data-element_type=\"section\" data-settings=\"{&quot;background_background&quot;:&quot;classic&quot;}\">\n\t\t\t\t\t\t\t<div class=\"elementor-background-overlay\"><\/div>\n\t\t\t\t\t\t\t<div class=\"elementor-container elementor-column-gap-default\">\n\t\t\t\t\t<div class=\"elementor-column elementor-col-100 elementor-top-column elementor-element elementor-element-97c16eb\" data-id=\"97c16eb\" data-element_type=\"column\">\n\t\t\t<div class=\"elementor-widget-wrap elementor-element-populated\">\n\t\t\t\t\t\t<div class=\"elementor-element elementor-element-1a631ab elementor-widget elementor-widget-heading\" data-id=\"1a631ab\" data-element_type=\"widget\" data-widget_type=\"heading.default\">\n\t\t\t\t<div class=\"elementor-widget-container\">\n\t\t\t\t\t<h2 class=\"elementor-heading-title elementor-size-default elementor-heading-title\">\u015eahin Global\u2019den<br \/>Teklif Al\u0131n\n<\/h2>\t\t\t\t<\/div>\n\t\t\t\t<\/div>\n\t\t\t\t<div class=\"elementor-element elementor-element-b3bcb47 elementor-widget elementor-widget-text-editor\" data-id=\"b3bcb47\" data-element_type=\"widget\" data-widget_type=\"text-editor.default\">\n\t\t\t\t<div class=\"elementor-widget-container\">\n\t\t\t\t\t\t\t\t\t<p>\u0130htiyac\u0131n\u0131za \u00f6zel bir teklif almak i\u00e7in departman\u0131n\u0131z\u0131 se\u00e7in ve formu doldurun. Ekibimiz en k\u0131sa s\u00fcrede sizinle ileti\u015fime ge\u00e7ecektir.<\/p>\t\t\t\t\t\t\t\t<\/div>\n\t\t\t\t<\/div>\n\t\t\t\t\t<\/div>\n\t\t<\/div>\n\t\t\t\t\t<\/div>\n\t\t<\/section>\n\t\t\t\t<section class=\"elementor-section elementor-top-section elementor-element elementor-element-0a1d7a9 elementor-section-height-min-height elementor-section-boxed elementor-section-height-default elementor-section-items-middle\" data-id=\"0a1d7a9\" data-element_type=\"section\" data-settings=\"{&quot;background_background&quot;:&quot;classic&quot;}\">\n\t\t\t\t\t\t<div class=\"elementor-container elementor-column-gap-default\">\n\t\t\t\t\t<div class=\"elementor-column elementor-col-100 elementor-top-column elementor-element elementor-element-49f46bf\" data-id=\"49f46bf\" data-element_type=\"column\">\n\t\t\t<div class=\"elementor-widget-wrap elementor-element-populated\">\n\t\t\t\t\t\t<div class=\"elementor-element elementor-element-544a862 elementor-widget elementor-widget-wp-widget-bcn_widget\" data-id=\"544a862\" data-element_type=\"widget\" data-widget_type=\"wp-widget-bcn_widget.default\">\n\t\t\t\t<div class=\"elementor-widget-container\">\n\t\t\t\t\t<div class=\"breadcrumbs\" itemscope itemtype=\"https:\/\/schema.org\/BreadcrumbList\"><!-- Breadcrumb NavXT 7.4.1 -->\n<span property=\"itemListElement\" typeof=\"ListItem\"><a property=\"item\" typeof=\"WebPage\" title=\"Go to \u015eahin Global.\" href=\"https:\/\/sahinglobal.net\/en\" class=\"home\" aria-current=\"page\"><span property=\"name\">\u015eahin Global<\/span><\/a><meta property=\"position\" content=\"1\"><\/span><\/div>\t\t\t\t<\/div>\n\t\t\t\t<\/div>\n\t\t\t\t\t<\/div>\n\t\t<\/div>\n\t\t\t\t\t<\/div>\n\t\t<\/section>\n\t\t\t\t<section class=\"elementor-section elementor-top-section elementor-element elementor-element-c1153d9 elementor-section-boxed elementor-section-height-default elementor-section-height-default\" data-id=\"c1153d9\" data-element_type=\"section\" data-settings=\"{&quot;background_background&quot;:&quot;classic&quot;}\">\n\t\t\t\t\t\t<div class=\"elementor-container elementor-column-gap-default\">\n\t\t\t\t\t<div class=\"elementor-column elementor-col-100 elementor-top-column elementor-element elementor-element-457ea2f\" data-id=\"457ea2f\" data-element_type=\"column\">\n\t\t\t<div class=\"elementor-widget-wrap elementor-element-populated\">\n\t\t\t\t\t\t<div class=\"elementor-element elementor-element-725428e elementor-widget elementor-widget-heading\" data-id=\"725428e\" data-element_type=\"widget\" data-widget_type=\"heading.default\">\n\t\t\t\t<div class=\"elementor-widget-container\">\n\t\t\t\t\t<span class=\"elementor-heading-title elementor-size-default elementor-heading-title\"><div style=\"text-align: center;margin-bottom: 20px\">\n    <p style=\"font-size: 16px;line-height: 1.6\">\n        \u0130htiyac\u0131n\u0131za uygun \u00e7\u00f6z\u00fcmler sunmak i\u00e7in buraday\u0131z! \n        <strong>\u015eahin Global<\/strong> olarak, <strong>tekstil \u00fcretimi<\/strong> ve \n        <strong>filo ara\u00e7 kiralama<\/strong> hizmetlerimizle i\u015fletmenize \u00f6zel \u00e7\u00f6z\u00fcmler sa\u011fl\u0131yoruz.\n    <\/p>\n    <p style=\"font-size: 16px;line-height: 1.6\">\n        A\u015fa\u011f\u0131daki formu doldurarak, <strong>departman\u0131n\u0131z\u0131 se\u00e7in<\/strong>, taleplerinizi iletin ve ekibimizin en k\u0131sa s\u00fcrede size d\u00f6n\u00fc\u015f yapmas\u0131n\u0131 sa\u011flay\u0131n.  \n        Detayl\u0131 bilgi almak veya \u00f6zel projeleriniz i\u00e7in i\u015f birli\u011fi yapmak isterseniz, bizimle ileti\u015fime ge\u00e7mekten \u00e7ekinmeyin.\n    <\/p>\n<\/div>\n<\/span>\t\t\t\t<\/div>\n\t\t\t\t<\/div>\n\t\t\t\t\t<\/div>\n\t\t<\/div>\n\t\t\t\t\t<\/div>\n\t\t<\/section>\n\t\t\t\t<section class=\"elementor-section elementor-top-section elementor-element elementor-element-0b90430 elementor-section-boxed elementor-section-height-default elementor-section-height-default\" data-id=\"0b90430\" data-element_type=\"section\" data-settings=\"{&quot;background_background&quot;:&quot;classic&quot;}\">\n\t\t\t\t\t\t<div class=\"elementor-container elementor-column-gap-default\">\n\t\t\t\t\t<div class=\"elementor-column elementor-col-100 elementor-top-column elementor-element elementor-element-8b1f9a8\" data-id=\"8b1f9a8\" data-element_type=\"column\">\n\t\t\t<div class=\"elementor-widget-wrap elementor-element-populated\">\n\t\t\t\t\t\t<div class=\"elementor-element elementor-element-eb32273 elementor-widget elementor-widget-shortcode\" data-id=\"eb32273\" data-element_type=\"widget\" data-widget_type=\"shortcode.default\">\n\t\t\t\t<div class=\"elementor-widget-container\">\n\t\t\t\t\t\t\t<div class=\"elementor-shortcode\">\n<div class=\"wpcf7 no-js\" id=\"wpcf7-f3137-o1\" lang=\"tr-TR\" dir=\"ltr\" data-wpcf7-id=\"3137\">\n<div class=\"screen-reader-response\"><p role=\"status\" aria-live=\"polite\" aria-atomic=\"true\"><\/p> <ul><\/ul><\/div>\n<form action=\"\/en\/wp-json\/wp\/v2\/pages\/3135#wpcf7-f3137-o1\" method=\"post\" class=\"wpcf7-form init\" aria-label=\"\u0130leti\u015fim Formu\" novalidate=\"novalidate\" data-status=\"init\" data-trp-original-action=\"\/en\/wp-json\/wp\/v2\/pages\/3135#wpcf7-f3137-o1\">\n<div style=\"display: none;\">\n<input type=\"hidden\" name=\"_wpcf7\" value=\"3137\" \/>\n<input type=\"hidden\" name=\"_wpcf7_version\" value=\"6.0.4\" \/>\n<input type=\"hidden\" name=\"_wpcf7_locale\" value=\"tr_TR\" \/>\n<input type=\"hidden\" name=\"_wpcf7_unit_tag\" value=\"wpcf7-f3137-o1\" \/>\n<input type=\"hidden\" name=\"_wpcf7_container_post\" value=\"0\" \/>\n<input type=\"hidden\" name=\"_wpcf7_posted_data_hash\" value=\"\" \/>\n<\/div>\n<div class=\"row\">\n\t<div class=\"col-md-12 col-lg-4\">\n\t\t<p><span class=\"wpcf7-form-control-wrap\" data-name=\"select-department\"><select class=\"wpcf7-form-control wpcf7-select wpcf7-validates-as-required\" aria-required=\"true\" aria-invalid=\"false\" name=\"select-department\"><option value=\"\">Departman Se\u00e7iniz<\/option><option value=\"Tekstil\">Tekstil<\/option><option value=\"Filo Ara\u00e7 Kiralama\">Fleet Car Rental<\/option><option value=\"Di\u011fer\">Other<\/option><\/select><\/span>\n\t\t<\/p>\n\t<\/div>\n<\/div>\n<div class=\"row\">\n\t<div class=\"col-md-12 col-sm-12\">\n\t\t<p><span class=\"wpcf7-form-control-wrap\" data-name=\"guest-company\"><input size=\"40\" maxlength=\"400\" class=\"wpcf7-form-control wpcf7-text wpcf7-validates-as-required\" aria-required=\"true\" aria-invalid=\"false\" placeholder=\"\u015eirketiniz\" value=\"\" type=\"text\" name=\"guest-company\" \/><\/span>\n\t\t<\/p>\n\t<\/div>\n<\/div>\n<div class=\"row\">\n\t<div class=\"col-md-6 col-sm-12\">\n\t\t<p><span class=\"wpcf7-form-control-wrap\" data-name=\"select-guest-company-country\"><select class=\"wpcf7-form-control wpcf7-select wpcf7-validates-as-required\" aria-required=\"true\" aria-invalid=\"false\" name=\"select-guest-company-country\"><option value=\"\">\u015eirketiniz Hangi \u00dclkede<\/option><option value=\"T\u00fcrkiye\">T\u00fcrkiye<\/option><option value=\"\u0130ngiltere\">\u0130ngiltere<\/option><option value=\"Almanya\">Almanya<\/option><option value=\"Fransa\">Fransa<\/option><option value=\"\u0130talya\">\u0130talya<\/option><option value=\"\u0130spanya\">\u0130spanya<\/option><option value=\"ABD\">ABD<\/option><option value=\"Kanada\">Kanada<\/option><option value=\"Avustralya\">Avustralya<\/option><option value=\"Avusturya\">Avusturya<\/option><option value=\"Bel\u00e7ika\">Bel\u00e7ika<\/option><option value=\"Brezilya\">Brezilya<\/option><option value=\"\u00c7in\">\u00c7in<\/option><option value=\"Danimarka\">Danimarka<\/option><option value=\"Finlandiya\">Finlandiya<\/option><option value=\"Hindistan\">Hindistan<\/option><option value=\"Hollanda\">Hollanda<\/option><option value=\"\u0130sve\u00e7\">\u0130sve\u00e7<\/option><option value=\"\u0130svi\u00e7re\">\u0130svi\u00e7re<\/option><option value=\"Japonya\">Japonya<\/option><option value=\"Norve\u00e7\">Norve\u00e7<\/option><option value=\"Rusya\">Rusya<\/option><option value=\"Birle\u015fik Arap Emirlikleri\">Birle\u015fik Arap Emirlikleri<\/option><option value=\"Singapur\">Singapur<\/option><option value=\"G\u00fcney Kore\">G\u00fcney Kore<\/option><option value=\"Yeni Zelanda\">Yeni Zelanda<\/option><option value=\"Yunanistan\">Yunanistan<\/option><option value=\"Meksika\">Meksika<\/option><option value=\"G\u00fcney Afrika\">G\u00fcney Afrika<\/option><option value=\"Portekiz\">Portekiz<\/option><option value=\"Polonya\">Polonya<\/option><option value=\"\u0130rlanda\">\u0130rlanda<\/option><option value=\"\u00c7ek Cumhuriyeti\">\u00c7ek Cumhuriyeti<\/option><option value=\"Macaristan\">Macaristan<\/option><option value=\"Arjantin\">Arjantin<\/option><option value=\"\u015eili\">\u015eili<\/option><option value=\"Kolombiya\">Kolombiya<\/option><option value=\"Malezya\">Malezya<\/option><option value=\"Endonezya\">Endonezya<\/option><option value=\"Suudi Arabistan\">Suudi Arabistan<\/option><option value=\"Ukrayna\">Ukrayna<\/option><option value=\"Filipinler\">Filipinler<\/option><option value=\"Tayland\">Tayland<\/option><option value=\"Vietnam\">Vietnam<\/option><option value=\"\u0130srail\">\u0130srail<\/option><option value=\"Slovakya\">Slovakya<\/option><option value=\"Romanya\">Romanya<\/option><option value=\"Bulgaristan\">Bulgaristan<\/option><option value=\"S\u0131rbistan\">S\u0131rbistan<\/option><option value=\"H\u0131rvatistan\">H\u0131rvatistan<\/option><option value=\"Litvanya\">Litvanya<\/option><option value=\"Letonya\">Letonya<\/option><option value=\"Estonya\">Estonya<\/option><option value=\"Slovenya\">Slovenya<\/option><option value=\"Katar\">Katar<\/option><option value=\"Kuveyt\">Kuveyt<\/option><option value=\"Fas\">Fas<\/option><option value=\"Di\u011fer\">Other<\/option><\/select><\/span>\n\t\t<\/p>\n\t<\/div>\n\t<div class=\"col-md-6\">\n\t\t<p><span class=\"wpcf7-form-control-wrap\" data-name=\"select-position-inthe-company\"><select class=\"wpcf7-form-control wpcf7-select wpcf7-validates-as-required\" aria-required=\"true\" aria-invalid=\"false\" name=\"select-position-inthe-company\"><option value=\"\">\u015eirketteki Pozisyonunuz<\/option><option value=\"\u015eirket Sahibi\/Orta\u011f\u0131\">\u015eirket Sahibi\/Orta\u011f\u0131<\/option><option value=\"Sat\u0131nalma M\u00fcd\u00fcr\u00fc\">Sat\u0131nalma M\u00fcd\u00fcr\u00fc<\/option><option value=\"\u00dcretim M\u00fcd\u00fcr\u00fc\">\u00dcretim M\u00fcd\u00fcr\u00fc<\/option><option value=\"Marka Temsilcisi\">Marka Temsilcisi<\/option><option value=\"Operasyon M\u00fcd\u00fcr\u00fc\">Operasyon M\u00fcd\u00fcr\u00fc<\/option><option value=\"Tedarik Zinciri Y\u00f6neticisi\">Tedarik Zinciri Y\u00f6neticisi<\/option><option value=\"\u00dcr\u00fcn Geli\u015ftirme Uzman\u0131\">\u00dcr\u00fcn Geli\u015ftirme Uzman\u0131<\/option><option value=\"Di\u011fer\">Other<\/option><\/select><\/span>\n\t\t<\/p>\n\t<\/div>\n<\/div>\n<div class=\"row\">\n\t<div class=\"col-md-12 col-lg-4\">\n\t\t<p><span class=\"wpcf7-form-control-wrap\" data-name=\"guest-name\"><input size=\"40\" maxlength=\"400\" class=\"wpcf7-form-control wpcf7-text wpcf7-validates-as-required\" aria-required=\"true\" aria-invalid=\"false\" placeholder=\"Ad\u0131n\u0131z, Soyad\u0131n\u0131z\" value=\"\" type=\"text\" name=\"guest-name\" \/><\/span>\n\t\t<\/p>\n\t<\/div>\n\t<div class=\"col-md-12 col-lg-4\">\n\t\t<p><span class=\"wpcf7-form-control-wrap\" data-name=\"guest-mail\"><input size=\"40\" maxlength=\"400\" class=\"wpcf7-form-control wpcf7-email wpcf7-validates-as-required wpcf7-text wpcf7-validates-as-email\" aria-required=\"true\" aria-invalid=\"false\" placeholder=\"E-mail adresiniz\" value=\"\" type=\"email\" name=\"guest-mail\" \/><\/span>\n\t\t<\/p>\n\t<\/div>\n\t<div class=\"col-md-12 col-lg-4\">\n\t\t<p><span class=\"wpcf7-form-control-wrap\" data-name=\"guest-phone\"><input size=\"40\" maxlength=\"400\" class=\"wpcf7-form-control wpcf7-tel wpcf7-validates-as-required wpcf7-text wpcf7-validates-as-tel\" aria-required=\"true\" aria-invalid=\"false\" placeholder=\"Telefon numaran\u0131z\" value=\"\" type=\"tel\" name=\"guest-phone\" \/><\/span>\n\t\t<\/p>\n\t<\/div>\n<\/div>\n<div class=\"row\">\n\t<div class=\"col-md-12 col-sm-12\">\n\t\t<p><span class=\"wpcf7-form-control-wrap\" data-name=\"guest-message\"><textarea cols=\"40\" rows=\"10\" maxlength=\"2000\" class=\"wpcf7-form-control wpcf7-textarea wpcf7-validates-as-required\" aria-required=\"true\" aria-invalid=\"false\" placeholder=\"Size nas\u0131l yard\u0131mc\u0131 olabiliriz?\" name=\"guest-message\"><\/textarea><\/span>\n\t\t<\/p>\n\t<\/div>\n<\/div>\n<div class=\"row\">\n\t<div class=\"col-md-12 col-sm-12\">\n\t\t<p><span class=\"wpcf7-form-control-wrap\" data-name=\"acceptance-kvkk\"><span class=\"wpcf7-form-control wpcf7-acceptance\"><span class=\"wpcf7-list-item\"><label><input type=\"checkbox\" name=\"acceptance-kvkk\" value=\"1\" checked=\"checked\" aria-invalid=\"false\" \/><span class=\"wpcf7-list-item-label\">KVKK ve Gizlilik Politikan\u0131z\u0131 kabul ediyorum.<\/span><\/label><\/span><\/span><\/span>\n\t\t<\/p>\n\t<\/div>\n<\/div>\n<div class=\"row\">\n\t<div class=\"col-md-12 col-sm-12 text-center\">\n\t\t<p><input class=\"wpcf7-form-control wpcf7-submit has-spinner\" type=\"submit\" value=\"G\u00f6nder\" \/>\n\t\t<\/p>\n\t<\/div>\n<\/div><div class=\"wpcf7-response-output\" aria-hidden=\"true\"><\/div>\n<input type=\"hidden\" name=\"trp-form-language\" value=\"en\"\/><\/form>\n<\/div>\n<\/div>\n\t\t\t\t\t\t<\/div>\n\t\t\t\t<\/div>\n\t\t\t\t\t<\/div>\n\t\t<\/div>\n\t\t\t\t\t<\/div>\n\t\t<\/section>\n\t\t\t\t<\/div>","protected":false},"excerpt":{"rendered":"<p>\u015eahin Global\u2019denTeklif Al\u0131n \u0130htiyac\u0131n\u0131za \u00f6zel bir teklif almak i\u00e7in departman\u0131n\u0131z\u0131 se\u00e7in ve formu doldurun. Ekibimiz en k\u0131sa s\u00fcrede&#8230;<\/p>","protected":false},"author":1,"featured_media":0,"parent":0,"menu_order":0,"comment_status":"closed","ping_status":"closed","template":"elementor_header_footer","meta":{"slim_seo":{"title":"Teklif Al - \u015eahin Global","description":"\u015eahin Global\u2019den Teklif Al\u0131n \u0130htiyac\u0131n\u0131za \u00f6zel bir teklif almak i\u00e7in departman\u0131n\u0131z\u0131 se\u00e7in ve formu doldurun. Ekibimiz en k\u0131sa s\u00fcrede sizinle ileti\u015fime ge\u00e7ecekti"},"footnotes":""},"class_list":["post-3135","page","type-page","status-publish","hentry"],"_links":{"self":[{"href":"https:\/\/sahinglobal.net\/en\/wp-json\/wp\/v2\/pages\/3135","targetHints":{"allow":["GET"]}}],"collection":[{"href":"https:\/\/sahinglobal.net\/en\/wp-json\/wp\/v2\/pages"}],"about":[{"href":"https:\/\/sahinglobal.net\/en\/wp-json\/wp\/v2\/types\/page"}],"author":[{"embeddable":true,"href":"https:\/\/sahinglobal.net\/en\/wp-json\/wp\/v2\/users\/1"}],"replies":[{"embeddable":true,"href":"https:\/\/sahinglobal.net\/en\/wp-json\/wp\/v2\/comments?post=3135"}],"version-history":[{"count":31,"href":"https:\/\/sahinglobal.net\/en\/wp-json\/wp\/v2\/pages\/3135\/revisions"}],"predecessor-version":[{"id":3227,"href":"https:\/\/sahinglobal.net\/en\/wp-json\/wp\/v2\/pages\/3135\/revisions\/3227"}],"wp:attachment":[{"href":"https:\/\/sahinglobal.net\/en\/wp-json\/wp\/v2\/media?parent=3135"}],"curies":[{"name":"wp","href":"https:\/\/api.w.org\/{rel}","templated":true}]}}